{"id":1434,"date":"2020-03-06T11:39:34","date_gmt":"2020-03-06T17:39:34","guid":{"rendered":"https:\/\/hotelquelitales.com\/es\/?page_id=1434"},"modified":"2020-03-31T11:24:35","modified_gmt":"2020-03-31T17:24:35","slug":"home-es","status":"publish","type":"page","link":"https:\/\/hotelquelitales.com\/es\/home-es\/","title":{"rendered":"Home Espa\u00f1ol"},"content":{"rendered":"<p>[vc_row row_padding_top=&#8221;padding_top_1-4&#8243; row_padding_bottom=&#8221;padding_bottom_1-4&#8243;][vc_column width=&#8221;5\/6&#8243; boxed=&#8221;boxed&#8221; offset=&#8221;vc_col-sm-offset-1&#8243;][plethora_headinggroup subtitle=&#8221;UNO DE LOS MEJORES LUGARES PARA RELAJARSE Y DISFRUTAR LA NATURALEZA&#8221; background_title=&#8221;BIENVENDOS&#8221; divider=&#8221;1&#8243;]<\/p>\n<h2>HOTEL QUELITALES<\/h2>\n<p>[\/plethora_headinggroup][vc_column_text]<\/p>\n<p style=\"text-align: center;\">Nuestro hotel ofrece una variedad de elegantes\u00a0<strong>suites<\/strong> acompa\u00f1adas de la vegetaci\u00f3n tropical en sus alrededores. Rel\u00e1jate en una cama king-size, disfruta en nuestra regadera privada al exterior o descubre los p\u00e1jaros m\u00e1s ex\u00f3ticos desde tu balc\u00f3n. Elige lo que m\u00e1s te atraiga y\u00a0<strong>nosotros haremos tu experiencia \u00fanica e inolvidable<\/strong>.<\/p>\n<p style=\"text-align: center;\">Nuestros\u00a0<strong>bungalows<\/strong> est\u00e1n dise\u00f1ados cuidadosamente para que\u00a0<strong>te sientas c\u00f3modo como en tu casa<\/strong>. Ventanas grandes con incre\u00edbles vistas para disfrutar del bosque incluso sin salir de tu habitaci\u00f3n Encuentra tu forma de relax: descansando en nuestra cama matrimonial o sentado en nuestra terraza disfrutando de un delicioso caf\u00e9 de nuestra plantaci\u00f3n sustentable, t\u00fa decide, <strong>nosotros lo haremos realidad<\/strong>.<\/p>\n<p>[\/vc_column_text][\/vc_column][\/vc_row][vc_row transparent=&#8221;transparent&#8221; row_padding_top=&#8221;padding_top_none&#8221; row_padding_bottom=&#8221;padding_bottom_none&#8221; el_class=&#8221;negative_margin_bottom_150_front&#8221;][vc_column width=&#8221;1\/3&#8243;][plethora_hoverbox title=&#8221;Birding&#8221; bcg_img=&#8221;995&#8243; link=&#8221;url:https%3A%2F%2Fhotelquelitales.com%2Fes%2Fbirding%2F|||&#8221;]Disfruta de la observaci\u00f3n de aves como nunca antes, encuentra nuestras m\u00e1s de 300 especies diferentes de aves que puedes ver en el Hotel Quelitales, uno de las diversidades m\u00e1s grandes que encontrar\u00e1s en Costa Rica.[\/plethora_hoverbox][\/vc_column][vc_column width=&#8221;1\/3&#8243;][plethora_hoverbox title=&#8221;SUITES &amp; BUNGALOWS&#8221; bcg_img=&#8221;1021&#8243; link=&#8221;url:https%3A%2F%2Fhotelquelitales.com%2Fes%2Frooms%2F|||&#8221;]Encuentra el cuarto perfecto para descansar con nuestra incre\u00edble varidad de suites y bungalows.[\/plethora_hoverbox][\/vc_column][vc_column width=&#8221;1\/3&#8243;][plethora_hoverbox title=&#8221;RESTAURANT&#8221; bcg_img=&#8221;814&#8243; link=&#8221;url:https%3A%2F%2Fhotelquelitales.com%2Fes%2Frestaurant%2F|||&#8221;]Descubre los platillos de m\u00e1s alta calidad de Cach\u00ed, Costa Rica.[\/plethora_hoverbox][\/vc_column][\/vc_row][vc_row][vc_column][vc_empty_space height=&#8221;35px&#8221;][\/vc_column][\/vc_row][vc_row full_width=&#8221;stretch_row&#8221; color_set=&#8221;black_section&#8221;][vc_column][plethora_slider_room data=&#8221;room_selection&#8221; items_template=&#8221;slider-room-classic-default&#8221; ref_id=&#8221;5858ebadc2b64&#8243; data_posts_selection=&#8221;1481, 1479, 1472&#8243; items_excerpt_trim=&#8221;45&#8243; items_booking_target_price=&#8221;0&#8243; items_colorset=&#8221;dark_section&#8221; autoplaytimeout=&#8221;10000&#8243; autoplayhoverpause=&#8221;true&#8221; dots=&#8221;true&#8221; nav=&#8221;false&#8221; rtl=&#8221;false&#8221;][\/vc_column][\/vc_row][vc_row][vc_column width=&#8221;2\/3&#8243; offset=&#8221;vc_col-sm-offset-2&#8243;][plethora_headinggroup subtitle=&#8221;Gente encantadora &#8211; incre\u00edbles experiencias&#8221; divider=&#8221;1&#8243;]<\/p>\n<h2>Testimonios<\/h2>\n<p>[\/plethora_headinggroup][plethora_slider_testimonial items_template=&#8221;slider-testimonial-classic-default&#8221; ref_id=&#8221;5858eb293cba4&#8243; items_editorcontent=&#8221;1&#8243; autoplaytimeout=&#8221;8000&#8243; autoplayhoverpause=&#8221;true&#8221; dots=&#8221;true&#8221; nav=&#8221;false&#8221; rtl=&#8221;false&#8221;][\/vc_column][\/vc_row]<\/p>\n","protected":false},"excerpt":{"rendered":"<p>[vc_row row_padding_top=&#8221;padding_top_1-4&#8243; row_padding_bottom=&#8221;padding_bottom_1-4&#8243;][vc_column width=&#8221;5\/6&#8243; boxed=&#8221;boxed&#8221; offset=&#8221;vc_col-sm-offset-1&#8243;][plethora_headinggroup subtitle=&#8221;UNO DE LOS MEJORES LUGARES PARA RELAJARSE Y DISFRUTAR LA NATURALEZA&#8221; background_title=&#8221;BIENVENDOS&#8221; divider=&#8221;1&#8243;] HOTEL QUELITALES [\/plethora_headinggroup][vc_column_text] Nuestro hotel ofrece una variedad de elegantes\u00a0suites acompa\u00f1adas de la vegetaci\u00f3n tropical en sus alrededores. Rel\u00e1jate en una cama king-size, disfruta en nuestra regadera privada al exterior o descubre los p\u00e1jaros m\u00e1s ex\u00f3ticos desde tu balc\u00f3n. Elige lo que m\u00e1s te atraiga y\u00a0nosotros haremos tu experiencia \u00fanica e inolvidable. Nuestros\u00a0bungalows est\u00e1n dise\u00f1ados cuidadosamente para que\u00a0te sientas c\u00f3modo como en tu casa. Ventanas grandes con incre\u00edbles vistas para disfrutar del bosque incluso sin salir de tu habitaci\u00f3n Encuentra tu forma de relax: descansando en nuestra cama matrimonial o sentado en nuestra terraza disfrutando de un delicioso caf\u00e9 de nuestra plantaci\u00f3n sustentable, t\u00fa decide, nosotros lo haremos realidad. [\/vc_column_text][\/vc_column][\/vc_row][vc_row transparent=&#8221;transparent&#8221; row_padding_top=&#8221;padding_top_none&#8221; row_padding_bottom=&#8221;padding_bottom_none&#8221; el_class=&#8221;negative_margin_bottom_150_front&#8221;][vc_column width=&#8221;1\/3&#8243;][plethora_hoverbox title=&#8221;Birding&#8221; bcg_img=&#8221;995&#8243; link=&#8221;url:https%3A%2F%2Fhotelquelitales.com%2Fes%2Fbirding%2F|||&#8221;]Disfruta de la observaci\u00f3n de aves como nunca antes, encuentra nuestras m\u00e1s de 300&hellip;<\/p>\n<p> <a class=\"more-link\" href=\"https:\/\/hotelquelitales.com\/es\/home-es\/\">Read more<\/a><\/p>\n","protected":false},"author":7,"featured_media":0,"parent":0,"menu_order":0,"comment_status":"closed","ping_status":"closed","template":"","meta":{"footnotes":""},"class_list":["post-1434","page","type-page","status-publish"],"yoast_head":"<!-- This site is optimized with the Yoast SEO plugin v27.2 - https:\/\/yoast.com\/product\/yoast-seo-wordpress\/ -->\n<title>Incre\u00edble experiencia en Cach\u00ed - Hotel Quelitales Costa Rica<\/title>\n<meta name=\"description\" content=\"Descubre uno de los para\u00edsos m\u00e1s incre\u00edbles de Costa Rica ubicado en Cach\u00ed, descubre el Hotel Quelitales y d\u00e9jate sorprender con la incre\u00edble naturaleza que lo rodea.\" \/>\n<meta name=\"robots\" content=\"index, follow, max-snippet:-1, max-image-preview:large, max-video-preview:-1\" \/>\n<link rel=\"canonical\" href=\"https:\/\/hotelquelitales.com\/es\/home-es\/\" \/>\n<meta property=\"og:locale\" content=\"es_ES\" \/>\n<meta property=\"og:type\" content=\"article\" \/>\n<meta property=\"og:title\" content=\"Incre\u00edble experiencia en Cach\u00ed - Hotel Quelitales Costa Rica\" \/>\n<meta property=\"og:description\" content=\"Descubre uno de los para\u00edsos m\u00e1s incre\u00edbles de Costa Rica ubicado en Cach\u00ed, descubre el Hotel Quelitales y d\u00e9jate sorprender con la incre\u00edble naturaleza que lo rodea.\" \/>\n<meta property=\"og:url\" content=\"https:\/\/hotelquelitales.com\/es\/home-es\/\" \/>\n<meta property=\"og:site_name\" content=\"Hotel Quelitales\" \/>\n<meta property=\"article:modified_time\" content=\"2020-03-31T17:24:35+00:00\" \/>\n<meta name=\"twitter:card\" content=\"summary_large_image\" \/>\n<meta name=\"twitter:label1\" content=\"Est. reading time\" \/>\n\t<meta name=\"twitter:data1\" content=\"2 minutos\" \/>\n<script type=\"application\/ld+json\" class=\"yoast-schema-graph\">{\"@context\":\"https:\/\/schema.org\",\"@graph\":[{\"@type\":\"WebPage\",\"@id\":\"https:\/\/hotelquelitales.com\/es\/home-es\/\",\"url\":\"https:\/\/hotelquelitales.com\/es\/home-es\/\",\"name\":\"Incre\u00edble experiencia en Cach\u00ed - Hotel Quelitales Costa Rica\",\"isPartOf\":{\"@id\":\"https:\/\/hotelquelitales.com\/es\/#website\"},\"datePublished\":\"2020-03-06T17:39:34+00:00\",\"dateModified\":\"2020-03-31T17:24:35+00:00\",\"description\":\"Descubre uno de los para\u00edsos m\u00e1s incre\u00edbles de Costa Rica ubicado en Cach\u00ed, descubre el Hotel Quelitales y d\u00e9jate sorprender con la incre\u00edble naturaleza que lo rodea.\",\"breadcrumb\":{\"@id\":\"https:\/\/hotelquelitales.com\/es\/home-es\/#breadcrumb\"},\"inLanguage\":\"es-CR\",\"potentialAction\":[{\"@type\":\"ReadAction\",\"target\":[\"https:\/\/hotelquelitales.com\/es\/home-es\/\"]}]},{\"@type\":\"BreadcrumbList\",\"@id\":\"https:\/\/hotelquelitales.com\/es\/home-es\/#breadcrumb\",\"itemListElement\":[{\"@type\":\"ListItem\",\"position\":1,\"name\":\"Home\",\"item\":\"https:\/\/hotelquelitales.com\/es\/\"},{\"@type\":\"ListItem\",\"position\":2,\"name\":\"Home Espa\u00f1ol\"}]},{\"@type\":\"WebSite\",\"@id\":\"https:\/\/hotelquelitales.com\/es\/#website\",\"url\":\"https:\/\/hotelquelitales.com\/es\/\",\"name\":\"Hotel Quelitales\",\"description\":\"Best Birding Hotspot in Costa Rica\",\"publisher\":{\"@id\":\"https:\/\/hotelquelitales.com\/es\/#organization\"},\"potentialAction\":[{\"@type\":\"SearchAction\",\"target\":{\"@type\":\"EntryPoint\",\"urlTemplate\":\"https:\/\/hotelquelitales.com\/es\/?s={search_term_string}\"},\"query-input\":{\"@type\":\"PropertyValueSpecification\",\"valueRequired\":true,\"valueName\":\"search_term_string\"}}],\"inLanguage\":\"es-CR\"},{\"@type\":\"Organization\",\"@id\":\"https:\/\/hotelquelitales.com\/es\/#organization\",\"name\":\"Hotel Quelitales\",\"url\":\"https:\/\/hotelquelitales.com\/es\/\",\"logo\":{\"@type\":\"ImageObject\",\"inLanguage\":\"es-CR\",\"@id\":\"https:\/\/hotelquelitales.com\/es\/#\/schema\/logo\/image\/\",\"url\":\"https:\/\/hotelquelitales.com\/es\/wp-content\/uploads\/2024\/09\/514279712_1146808900808947_9116595991262710248_n-1.jpg\",\"contentUrl\":\"https:\/\/hotelquelitales.com\/es\/wp-content\/uploads\/2024\/09\/514279712_1146808900808947_9116595991262710248_n-1.jpg\",\"width\":1276,\"height\":1276,\"caption\":\"Hotel Quelitales\"},\"image\":{\"@id\":\"https:\/\/hotelquelitales.com\/es\/#\/schema\/logo\/image\/\"}}]}<\/script>\n<!-- \/ Yoast SEO plugin. -->","yoast_head_json":{"title":"Incre\u00edble experiencia en Cach\u00ed - Hotel Quelitales Costa Rica","description":"Descubre uno de los para\u00edsos m\u00e1s incre\u00edbles de Costa Rica ubicado en Cach\u00ed, descubre el Hotel Quelitales y d\u00e9jate sorprender con la incre\u00edble naturaleza que lo rodea.","robots":{"index":"index","follow":"follow","max-snippet":"max-snippet:-1","max-image-preview":"max-image-preview:large","max-video-preview":"max-video-preview:-1"},"canonical":"https:\/\/hotelquelitales.com\/es\/home-es\/","og_locale":"es_ES","og_type":"article","og_title":"Incre\u00edble experiencia en Cach\u00ed - Hotel Quelitales Costa Rica","og_description":"Descubre uno de los para\u00edsos m\u00e1s incre\u00edbles de Costa Rica ubicado en Cach\u00ed, descubre el Hotel Quelitales y d\u00e9jate sorprender con la incre\u00edble naturaleza que lo rodea.","og_url":"https:\/\/hotelquelitales.com\/es\/home-es\/","og_site_name":"Hotel Quelitales","article_modified_time":"2020-03-31T17:24:35+00:00","twitter_card":"summary_large_image","twitter_misc":{"Est. reading time":"2 minutos"},"schema":{"@context":"https:\/\/schema.org","@graph":[{"@type":"WebPage","@id":"https:\/\/hotelquelitales.com\/es\/home-es\/","url":"https:\/\/hotelquelitales.com\/es\/home-es\/","name":"Incre\u00edble experiencia en Cach\u00ed - Hotel Quelitales Costa Rica","isPartOf":{"@id":"https:\/\/hotelquelitales.com\/es\/#website"},"datePublished":"2020-03-06T17:39:34+00:00","dateModified":"2020-03-31T17:24:35+00:00","description":"Descubre uno de los para\u00edsos m\u00e1s incre\u00edbles de Costa Rica ubicado en Cach\u00ed, descubre el Hotel Quelitales y d\u00e9jate sorprender con la incre\u00edble naturaleza que lo rodea.","breadcrumb":{"@id":"https:\/\/hotelquelitales.com\/es\/home-es\/#breadcrumb"},"inLanguage":"es-CR","potentialAction":[{"@type":"ReadAction","target":["https:\/\/hotelquelitales.com\/es\/home-es\/"]}]},{"@type":"BreadcrumbList","@id":"https:\/\/hotelquelitales.com\/es\/home-es\/#breadcrumb","itemListElement":[{"@type":"ListItem","position":1,"name":"Home","item":"https:\/\/hotelquelitales.com\/es\/"},{"@type":"ListItem","position":2,"name":"Home Espa\u00f1ol"}]},{"@type":"WebSite","@id":"https:\/\/hotelquelitales.com\/es\/#website","url":"https:\/\/hotelquelitales.com\/es\/","name":"Hotel Quelitales","description":"Best Birding Hotspot in Costa Rica","publisher":{"@id":"https:\/\/hotelquelitales.com\/es\/#organization"},"potentialAction":[{"@type":"SearchAction","target":{"@type":"EntryPoint","urlTemplate":"https:\/\/hotelquelitales.com\/es\/?s={search_term_string}"},"query-input":{"@type":"PropertyValueSpecification","valueRequired":true,"valueName":"search_term_string"}}],"inLanguage":"es-CR"},{"@type":"Organization","@id":"https:\/\/hotelquelitales.com\/es\/#organization","name":"Hotel Quelitales","url":"https:\/\/hotelquelitales.com\/es\/","logo":{"@type":"ImageObject","inLanguage":"es-CR","@id":"https:\/\/hotelquelitales.com\/es\/#\/schema\/logo\/image\/","url":"https:\/\/hotelquelitales.com\/es\/wp-content\/uploads\/2024\/09\/514279712_1146808900808947_9116595991262710248_n-1.jpg","contentUrl":"https:\/\/hotelquelitales.com\/es\/wp-content\/uploads\/2024\/09\/514279712_1146808900808947_9116595991262710248_n-1.jpg","width":1276,"height":1276,"caption":"Hotel Quelitales"},"image":{"@id":"https:\/\/hotelquelitales.com\/es\/#\/schema\/logo\/image\/"}}]}},"_links":{"self":[{"href":"https:\/\/hotelquelitales.com\/es\/wp-json\/wp\/v2\/pages\/1434","targetHints":{"allow":["GET"]}}],"collection":[{"href":"https:\/\/hotelquelitales.com\/es\/wp-json\/wp\/v2\/pages"}],"about":[{"href":"https:\/\/hotelquelitales.com\/es\/wp-json\/wp\/v2\/types\/page"}],"author":[{"embeddable":true,"href":"https:\/\/hotelquelitales.com\/es\/wp-json\/wp\/v2\/users\/7"}],"replies":[{"embeddable":true,"href":"https:\/\/hotelquelitales.com\/es\/wp-json\/wp\/v2\/comments?post=1434"}],"version-history":[{"count":2,"href":"https:\/\/hotelquelitales.com\/es\/wp-json\/wp\/v2\/pages\/1434\/revisions"}],"predecessor-version":[{"id":1485,"href":"https:\/\/hotelquelitales.com\/es\/wp-json\/wp\/v2\/pages\/1434\/revisions\/1485"}],"wp:attachment":[{"href":"https:\/\/hotelquelitales.com\/es\/wp-json\/wp\/v2\/media?parent=1434"}],"curies":[{"name":"wp","href":"https:\/\/api.w.org\/{rel}","templated":true}]}}