{"id":48,"date":"2016-11-24T18:10:50","date_gmt":"2016-11-24T18:10:50","guid":{"rendered":"http:\/\/plethorathemes.com\/hotel-xenia\/?page_id=48"},"modified":"2024-09-14T15:39:52","modified_gmt":"2024-09-14T21:39:52","slug":"contact","status":"publish","type":"page","link":"https:\/\/hotelquelitales.com\/es\/contact\/","title":{"rendered":"Contact"},"content":{"rendered":"\t\t<div data-elementor-type=\"wp-page\" data-elementor-id=\"48\" class=\"elementor elementor-48\" data-elementor-post-type=\"page\">\n\t\t\t\t\t\t<section class=\"elementor-section elementor-top-section elementor-element elementor-element-721e415 elementor-section-full_width elementor-section-stretched elementor-section-height-default elementor-section-height-default\" data-id=\"721e415\" data-element_type=\"section\" data-settings=\"{&quot;stretch_section&quot;:&quot;section-stretched&quot;,&quot;background_background&quot;:&quot;classic&quot;}\">\n\t\t\t\t\t\t\t<div class=\"elementor-background-overlay\"><\/div>\n\t\t\t\t\t\t\t<div class=\"elementor-container elementor-column-gap-no\">\n\t\t\t\t\t<div class=\"elementor-column elementor-col-100 elementor-top-column elementor-element elementor-element-7337005\" data-id=\"7337005\" data-element_type=\"column\">\n\t\t\t<div class=\"elementor-widget-wrap elementor-element-populated\">\n\t\t\t\t\t\t<div class=\"elementor-element elementor-element-de309bb elementor-widget elementor-widget-heading\" data-id=\"de309bb\" data-element_type=\"widget\" data-widget_type=\"heading.default\">\n\t\t\t\t<div class=\"elementor-widget-container\">\n\t\t\t\t\t<h2 class=\"elementor-heading-title elementor-size-default\">Contacto<\/h2>\t\t\t\t<\/div>\n\t\t\t\t<\/div>\n\t\t\t\t<div class=\"elementor-element elementor-element-0defe56 elementor-widget elementor-widget-text-editor\" data-id=\"0defe56\" data-element_type=\"widget\" data-widget_type=\"text-editor.default\">\n\t\t\t\t<div class=\"elementor-widget-container\">\n\t\t\t\t\t\t\t\t\t<p class=\"subtitle\">Ponte en contacto con nosotros para hacer una reserva o un saludo.<\/p>\t\t\t\t\t\t\t\t<\/div>\n\t\t\t\t<\/div>\n\t\t\t\t\t<\/div>\n\t\t<\/div>\n\t\t\t\t\t<\/div>\n\t\t<\/section>\n\t\t\t\t<section class=\"elementor-section elementor-top-section elementor-element elementor-element-87984dc elementor-section-boxed elementor-section-height-default elementor-section-height-default\" data-id=\"87984dc\" data-element_type=\"section\">\n\t\t\t\t\t\t<div class=\"elementor-container elementor-column-gap-default\">\n\t\t\t\t\t<div class=\"elementor-column elementor-col-100 elementor-top-column elementor-element elementor-element-8d26a13\" data-id=\"8d26a13\" data-element_type=\"column\">\n\t\t\t<div class=\"elementor-widget-wrap elementor-element-populated\">\n\t\t\t\t\t\t<div class=\"elementor-element elementor-element-2fef405 elementor-widget elementor-widget-spacer\" data-id=\"2fef405\" data-element_type=\"widget\" data-widget_type=\"spacer.default\">\n\t\t\t\t<div class=\"elementor-widget-container\">\n\t\t\t\t\t\t\t<div class=\"elementor-spacer\">\n\t\t\t<div class=\"elementor-spacer-inner\"><\/div>\n\t\t<\/div>\n\t\t\t\t\t\t<\/div>\n\t\t\t\t<\/div>\n\t\t\t\t\t<\/div>\n\t\t<\/div>\n\t\t\t\t\t<\/div>\n\t\t<\/section>\n\t\t\t\t<section class=\"elementor-section elementor-top-section elementor-element elementor-element-370fbbf elementor-section-boxed elementor-section-height-default elementor-section-height-default\" data-id=\"370fbbf\" data-element_type=\"section\">\n\t\t\t\t\t\t<div class=\"elementor-container elementor-column-gap-default\">\n\t\t\t\t\t<div class=\"elementor-column elementor-col-50 elementor-top-column elementor-element elementor-element-d157980\" data-id=\"d157980\" data-element_type=\"column\">\n\t\t\t<div class=\"elementor-widget-wrap elementor-element-populated\">\n\t\t\t\t\t\t<div class=\"elementor-element elementor-element-c3dbb92 elementor-widget elementor-widget-heading\" data-id=\"c3dbb92\" data-element_type=\"widget\" data-widget_type=\"heading.default\">\n\t\t\t\t<div class=\"elementor-widget-container\">\n\t\t\t\t\t<h2 class=\"elementor-heading-title elementor-size-default\">FORMULARIO DE CONTACTO<\/h2>\t\t\t\t<\/div>\n\t\t\t\t<\/div>\n\t\t\t\t<div class=\"elementor-element elementor-element-ce2802f elementor-widget elementor-widget-text-editor\" data-id=\"ce2802f\" data-element_type=\"widget\" data-widget_type=\"text-editor.default\">\n\t\t\t\t<div class=\"elementor-widget-container\">\n\t\t\t\t\t\t\t\t\t<div class=\"wpb_text_column wpb_content_element \"><div class=\"wpb_wrapper\"><p>Si quieres contactarnos, aqu\u00ed y ahora entonces escr\u00edbenos ac\u00e1 para enviar un correo electr\u00f3nico. Normalmente respondemos en un d\u00eda h\u00e1bil.<\/p><\/div><\/div>\t\t\t\t\t\t\t\t<\/div>\n\t\t\t\t<\/div>\n\t\t\t\t<div class=\"elementor-element elementor-element-035ae69 elementor-widget elementor-widget-shortcode\" data-id=\"035ae69\" data-element_type=\"widget\" data-widget_type=\"shortcode.default\">\n\t\t\t\t<div class=\"elementor-widget-container\">\n\t\t\t\t\t\t\t<div class=\"elementor-shortcode\">\n<div class=\"wpcf7 no-js\" id=\"wpcf7-f5-o1\" lang=\"en-US\" dir=\"ltr\" data-wpcf7-id=\"5\">\n<div class=\"screen-reader-response\"><p role=\"status\" aria-live=\"polite\" aria-atomic=\"true\"><\/p> <ul><\/ul><\/div>\n<form action=\"\/es\/wp-json\/wp\/v2\/pages\/48#wpcf7-f5-o1\" method=\"post\" class=\"wpcf7-form init\" aria-label=\"Contact form\" novalidate=\"novalidate\" data-status=\"init\">\n<fieldset class=\"hidden-fields-container\"><input type=\"hidden\" name=\"_wpcf7\" value=\"5\" \/><input type=\"hidden\" name=\"_wpcf7_version\" value=\"6.1\" \/><input type=\"hidden\" name=\"_wpcf7_locale\" value=\"en_US\" \/><input type=\"hidden\" name=\"_wpcf7_unit_tag\" value=\"wpcf7-f5-o1\" \/><input type=\"hidden\" name=\"_wpcf7_container_post\" value=\"0\" \/><input type=\"hidden\" name=\"_wpcf7_posted_data_hash\" value=\"\" \/>\n<\/fieldset>\n<p><label> Your Name (required)<br \/>\n<span class=\"wpcf7-form-control-wrap\" data-name=\"your-name\"><input size=\"40\" maxlength=\"400\" class=\"wpcf7-form-control wpcf7-text wpcf7-validates-as-required\" aria-required=\"true\" aria-invalid=\"false\" value=\"\" type=\"text\" name=\"your-name\" \/><\/span> <\/label>\n<\/p>\n<p><label> Your Email (required)<br \/>\n<span class=\"wpcf7-form-control-wrap\" data-name=\"your-email\"><input size=\"40\" maxlength=\"400\" class=\"wpcf7-form-control wpcf7-email wpcf7-validates-as-required wpcf7-text wpcf7-validates-as-email\" aria-required=\"true\" aria-invalid=\"false\" value=\"\" type=\"email\" name=\"your-email\" \/><\/span> <\/label>\n<\/p>\n<p><label> Subject<br \/>\n<span class=\"wpcf7-form-control-wrap\" data-name=\"your-subject\"><input size=\"40\" maxlength=\"400\" class=\"wpcf7-form-control wpcf7-text\" aria-invalid=\"false\" value=\"\" type=\"text\" name=\"your-subject\" \/><\/span> <\/label>\n<\/p>\n<p><label> Your Message<br \/>\n<span class=\"wpcf7-form-control-wrap\" data-name=\"your-message\"><textarea cols=\"40\" rows=\"10\" maxlength=\"2000\" class=\"wpcf7-form-control wpcf7-textarea\" aria-invalid=\"false\" name=\"your-message\"><\/textarea><\/span> <\/label>\n<\/p>\n<p><input class=\"wpcf7-form-control wpcf7-submit has-spinner\" type=\"submit\" value=\"Send\" \/>\n<\/p><div class=\"wpcf7-response-output\" aria-hidden=\"true\"><\/div>\n<\/form>\n<\/div>\n<\/div>\n\t\t\t\t\t\t<\/div>\n\t\t\t\t<\/div>\n\t\t\t\t\t<\/div>\n\t\t<\/div>\n\t\t\t\t<div class=\"elementor-column elementor-col-50 elementor-top-column elementor-element elementor-element-f53c376\" data-id=\"f53c376\" data-element_type=\"column\">\n\t\t\t<div class=\"elementor-widget-wrap elementor-element-populated\">\n\t\t\t\t\t\t<div class=\"elementor-element elementor-element-11697e3 elementor-widget elementor-widget-heading\" data-id=\"11697e3\" data-element_type=\"widget\" data-widget_type=\"heading.default\">\n\t\t\t\t<div class=\"elementor-widget-container\">\n\t\t\t\t\t<h2 class=\"elementor-heading-title elementor-size-default\">Ubicaci\u00f3n<\/h2>\t\t\t\t<\/div>\n\t\t\t\t<\/div>\n\t\t\t\t<div class=\"elementor-element elementor-element-b1ed838 elementor-widget elementor-widget-shortcode\" data-id=\"b1ed838\" data-element_type=\"widget\" data-widget_type=\"shortcode.default\">\n\t\t\t\t<div class=\"elementor-widget-container\">\n\t\t\t\t\t\t\t<div class=\"elementor-shortcode\"><iframe width=\"100%\" height=\"400\" id=\"gmap_canvas\" src=\"https:\/\/maps.google.com\/maps?q=hotel%20quelitales&t=k&z=17&ie=UTF8&iwloc=&output=embed\" frameborder=\"0\" scrolling=\"no\" marginheight=\"0\" marginwidth=\"0\"><\/iframe><\/div>\n\t\t\t\t\t\t<\/div>\n\t\t\t\t<\/div>\n\t\t\t\t<div class=\"elementor-element elementor-element-080ec6c elementor-widget elementor-widget-text-editor\" data-id=\"080ec6c\" data-element_type=\"widget\" data-widget_type=\"text-editor.default\">\n\t\t\t\t<div class=\"elementor-widget-container\">\n\t\t\t\t\t\t\t\t\t<p>Le recomendamos encarecidamente que utilice la aplicaci\u00f3n Waze: all\u00ed podr\u00e1 encontrar f\u00e1cilmente las instrucciones correctas sobre c\u00f3mo llegar a nuestro hotel.<\/p>\t\t\t\t\t\t\t\t<\/div>\n\t\t\t\t<\/div>\n\t\t\t\t<section class=\"elementor-section elementor-inner-section elementor-element elementor-element-1d3b4ab elementor-section-boxed elementor-section-height-default elementor-section-height-default\" data-id=\"1d3b4ab\" data-element_type=\"section\">\n\t\t\t\t\t\t<div class=\"elementor-container elementor-column-gap-default\">\n\t\t\t\t\t<div class=\"elementor-column elementor-col-33 elementor-inner-column elementor-element elementor-element-499f183\" data-id=\"499f183\" data-element_type=\"column\">\n\t\t\t<div class=\"elementor-widget-wrap\">\n\t\t\t\t\t\t\t<\/div>\n\t\t<\/div>\n\t\t\t\t<div class=\"elementor-column elementor-col-33 elementor-inner-column elementor-element elementor-element-4102e61\" data-id=\"4102e61\" data-element_type=\"column\">\n\t\t\t<div class=\"elementor-widget-wrap elementor-element-populated\">\n\t\t\t\t\t\t<div class=\"elementor-element elementor-element-0f55d3f elementor-widget elementor-widget-image\" data-id=\"0f55d3f\" data-element_type=\"widget\" data-widget_type=\"image.default\">\n\t\t\t\t<div class=\"elementor-widget-container\">\n\t\t\t\t\t\t\t\t\t\t\t\t\t\t\t\t<a href=\"https:\/\/www.waze.com\/es-419\/live-map\/directions\/cr\/provincia-de-cartago\/cachi\/hotel-quelitales?utm_campaign=waze_website&#038;utm_source=waze_website&#038;to=place.ChIJYccGrOUnoY8RXpXwdOh1EIU\" target=\"_blank\">\n\t\t\t\t\t\t\t<img fetchpriority=\"high\" decoding=\"async\" width=\"411\" height=\"411\" src=\"https:\/\/hotelquelitales.com\/es\/wp-content\/uploads\/2020\/01\/waze_PNG39.png\" class=\"attachment-large size-large wp-image-1337\" alt=\"\" srcset=\"https:\/\/hotelquelitales.com\/es\/wp-content\/uploads\/2020\/01\/waze_PNG39.png 411w, https:\/\/hotelquelitales.com\/es\/wp-content\/uploads\/2020\/01\/waze_PNG39-150x150.png 150w, https:\/\/hotelquelitales.com\/es\/wp-content\/uploads\/2020\/01\/waze_PNG39-300x300.png 300w\" sizes=\"(max-width: 411px) 100vw, 411px\" \/>\t\t\t\t\t\t\t\t<\/a>\n\t\t\t\t\t\t\t\t\t\t\t\t\t\t\t<\/div>\n\t\t\t\t<\/div>\n\t\t\t\t\t<\/div>\n\t\t<\/div>\n\t\t\t\t<div class=\"elementor-column elementor-col-33 elementor-inner-column elementor-element elementor-element-f69818d\" data-id=\"f69818d\" data-element_type=\"column\">\n\t\t\t<div class=\"elementor-widget-wrap\">\n\t\t\t\t\t\t\t<\/div>\n\t\t<\/div>\n\t\t\t\t\t<\/div>\n\t\t<\/section>\n\t\t\t\t\t<\/div>\n\t\t<\/div>\n\t\t\t\t\t<\/div>\n\t\t<\/section>\n\t\t\t\t<section class=\"elementor-section elementor-top-section elementor-element elementor-element-e02c007 elementor-section-boxed elementor-section-height-default elementor-section-height-default\" data-id=\"e02c007\" data-element_type=\"section\">\n\t\t\t\t\t\t<div class=\"elementor-container elementor-column-gap-default\">\n\t\t\t\t\t<div class=\"elementor-column elementor-col-100 elementor-top-column elementor-element elementor-element-90b5df8\" data-id=\"90b5df8\" data-element_type=\"column\">\n\t\t\t<div class=\"elementor-widget-wrap elementor-element-populated\">\n\t\t\t\t\t\t<div class=\"elementor-element elementor-element-2de0613 elementor-widget elementor-widget-spacer\" data-id=\"2de0613\" data-element_type=\"widget\" data-widget_type=\"spacer.default\">\n\t\t\t\t<div class=\"elementor-widget-container\">\n\t\t\t\t\t\t\t<div class=\"elementor-spacer\">\n\t\t\t<div class=\"elementor-spacer-inner\"><\/div>\n\t\t<\/div>\n\t\t\t\t\t\t<\/div>\n\t\t\t\t<\/div>\n\t\t\t\t\t<\/div>\n\t\t<\/div>\n\t\t\t\t\t<\/div>\n\t\t<\/section>\n\t\t\t\t<\/div>\n\t\t","protected":false},"excerpt":{"rendered":"<p>Contacto Ponte en contacto con nosotros para hacer una reserva o un saludo. FORMULARIO DE CONTACTO Si quieres contactarnos, aqu\u00ed y ahora entonces escr\u00edbenos ac\u00e1 para enviar un correo electr\u00f3nico. Normalmente respondemos en un d\u00eda h\u00e1bil. Ubicaci\u00f3n Le recomendamos encarecidamente que utilice la aplicaci\u00f3n Waze: all\u00ed podr\u00e1 encontrar f\u00e1cilmente las instrucciones correctas sobre c\u00f3mo llegar a nuestro hotel.<\/p>\n","protected":false},"author":7,"featured_media":810,"parent":0,"menu_order":0,"comment_status":"closed","ping_status":"closed","template":"elementor_header_footer","meta":{"footnotes":""},"class_list":["post-48","page","type-page","status-publish","has-post-thumbnail"],"yoast_head":"<!-- This site is optimized with the Yoast SEO plugin v27.2 - https:\/\/yoast.com\/product\/yoast-seo-wordpress\/ -->\n<title>Contact - Hotel Quelitales<\/title>\n<meta name=\"robots\" content=\"index, follow, max-snippet:-1, max-image-preview:large, max-video-preview:-1\" \/>\n<link rel=\"canonical\" href=\"https:\/\/hotelquelitales.com\/es\/contact\/\" \/>\n<meta property=\"og:locale\" content=\"es_ES\" \/>\n<meta property=\"og:type\" content=\"article\" \/>\n<meta property=\"og:title\" content=\"Contact - Hotel Quelitales\" \/>\n<meta property=\"og:description\" content=\"Contacto Ponte en contacto con nosotros para hacer una reserva o un saludo. FORMULARIO DE CONTACTO Si quieres contactarnos, aqu\u00ed y ahora entonces escr\u00edbenos ac\u00e1 para enviar un correo electr\u00f3nico. Normalmente respondemos en un d\u00eda h\u00e1bil. Ubicaci\u00f3n Le recomendamos encarecidamente que utilice la aplicaci\u00f3n Waze: all\u00ed podr\u00e1 encontrar f\u00e1cilmente las instrucciones correctas sobre c\u00f3mo llegar a nuestro hotel.\" \/>\n<meta property=\"og:url\" content=\"https:\/\/hotelquelitales.com\/es\/contact\/\" \/>\n<meta property=\"og:site_name\" content=\"Hotel Quelitales\" \/>\n<meta property=\"article:modified_time\" content=\"2024-09-14T21:39:52+00:00\" \/>\n<meta property=\"og:image\" content=\"https:\/\/hotelquelitales.com\/es\/wp-content\/uploads\/2018\/12\/agosto2015-33-1024x683.jpg\" \/>\n\t<meta property=\"og:image:width\" content=\"1024\" \/>\n\t<meta property=\"og:image:height\" content=\"683\" \/>\n\t<meta property=\"og:image:type\" content=\"image\/jpeg\" \/>\n<meta name=\"twitter:card\" content=\"summary_large_image\" \/>\n<meta name=\"twitter:label1\" content=\"Est. reading time\" \/>\n\t<meta name=\"twitter:data1\" content=\"1 minuto\" \/>\n<script type=\"application\/ld+json\" class=\"yoast-schema-graph\">{\"@context\":\"https:\/\/schema.org\",\"@graph\":[{\"@type\":\"WebPage\",\"@id\":\"https:\/\/hotelquelitales.com\/es\/contact\/\",\"url\":\"https:\/\/hotelquelitales.com\/es\/contact\/\",\"name\":\"Contact - Hotel Quelitales\",\"isPartOf\":{\"@id\":\"https:\/\/hotelquelitales.com\/es\/#website\"},\"primaryImageOfPage\":{\"@id\":\"https:\/\/hotelquelitales.com\/es\/contact\/#primaryimage\"},\"image\":{\"@id\":\"https:\/\/hotelquelitales.com\/es\/contact\/#primaryimage\"},\"thumbnailUrl\":\"https:\/\/hotelquelitales.com\/es\/wp-content\/uploads\/2018\/12\/agosto2015-33.jpg\",\"datePublished\":\"2016-11-24T18:10:50+00:00\",\"dateModified\":\"2024-09-14T21:39:52+00:00\",\"breadcrumb\":{\"@id\":\"https:\/\/hotelquelitales.com\/es\/contact\/#breadcrumb\"},\"inLanguage\":\"es-CR\",\"potentialAction\":[{\"@type\":\"ReadAction\",\"target\":[\"https:\/\/hotelquelitales.com\/es\/contact\/\"]}]},{\"@type\":\"ImageObject\",\"inLanguage\":\"es-CR\",\"@id\":\"https:\/\/hotelquelitales.com\/es\/contact\/#primaryimage\",\"url\":\"https:\/\/hotelquelitales.com\/es\/wp-content\/uploads\/2018\/12\/agosto2015-33.jpg\",\"contentUrl\":\"https:\/\/hotelquelitales.com\/es\/wp-content\/uploads\/2018\/12\/agosto2015-33.jpg\",\"width\":3000,\"height\":2000},{\"@type\":\"BreadcrumbList\",\"@id\":\"https:\/\/hotelquelitales.com\/es\/contact\/#breadcrumb\",\"itemListElement\":[{\"@type\":\"ListItem\",\"position\":1,\"name\":\"Home\",\"item\":\"https:\/\/hotelquelitales.com\/es\/\"},{\"@type\":\"ListItem\",\"position\":2,\"name\":\"Contact\"}]},{\"@type\":\"WebSite\",\"@id\":\"https:\/\/hotelquelitales.com\/es\/#website\",\"url\":\"https:\/\/hotelquelitales.com\/es\/\",\"name\":\"Hotel Quelitales\",\"description\":\"Best Birding Hotspot in Costa Rica\",\"publisher\":{\"@id\":\"https:\/\/hotelquelitales.com\/es\/#organization\"},\"potentialAction\":[{\"@type\":\"SearchAction\",\"target\":{\"@type\":\"EntryPoint\",\"urlTemplate\":\"https:\/\/hotelquelitales.com\/es\/?s={search_term_string}\"},\"query-input\":{\"@type\":\"PropertyValueSpecification\",\"valueRequired\":true,\"valueName\":\"search_term_string\"}}],\"inLanguage\":\"es-CR\"},{\"@type\":\"Organization\",\"@id\":\"https:\/\/hotelquelitales.com\/es\/#organization\",\"name\":\"Hotel Quelitales\",\"url\":\"https:\/\/hotelquelitales.com\/es\/\",\"logo\":{\"@type\":\"ImageObject\",\"inLanguage\":\"es-CR\",\"@id\":\"https:\/\/hotelquelitales.com\/es\/#\/schema\/logo\/image\/\",\"url\":\"https:\/\/hotelquelitales.com\/es\/wp-content\/uploads\/2024\/09\/514279712_1146808900808947_9116595991262710248_n-1.jpg\",\"contentUrl\":\"https:\/\/hotelquelitales.com\/es\/wp-content\/uploads\/2024\/09\/514279712_1146808900808947_9116595991262710248_n-1.jpg\",\"width\":1276,\"height\":1276,\"caption\":\"Hotel Quelitales\"},\"image\":{\"@id\":\"https:\/\/hotelquelitales.com\/es\/#\/schema\/logo\/image\/\"}}]}<\/script>\n<!-- \/ Yoast SEO plugin. -->","yoast_head_json":{"title":"Contact - Hotel Quelitales","robots":{"index":"index","follow":"follow","max-snippet":"max-snippet:-1","max-image-preview":"max-image-preview:large","max-video-preview":"max-video-preview:-1"},"canonical":"https:\/\/hotelquelitales.com\/es\/contact\/","og_locale":"es_ES","og_type":"article","og_title":"Contact - Hotel Quelitales","og_description":"Contacto Ponte en contacto con nosotros para hacer una reserva o un saludo. FORMULARIO DE CONTACTO Si quieres contactarnos, aqu\u00ed y ahora entonces escr\u00edbenos ac\u00e1 para enviar un correo electr\u00f3nico. Normalmente respondemos en un d\u00eda h\u00e1bil. Ubicaci\u00f3n Le recomendamos encarecidamente que utilice la aplicaci\u00f3n Waze: all\u00ed podr\u00e1 encontrar f\u00e1cilmente las instrucciones correctas sobre c\u00f3mo llegar a nuestro hotel.","og_url":"https:\/\/hotelquelitales.com\/es\/contact\/","og_site_name":"Hotel Quelitales","article_modified_time":"2024-09-14T21:39:52+00:00","og_image":[{"width":1024,"height":683,"url":"https:\/\/hotelquelitales.com\/es\/wp-content\/uploads\/2018\/12\/agosto2015-33-1024x683.jpg","type":"image\/jpeg"}],"twitter_card":"summary_large_image","twitter_misc":{"Est. reading time":"1 minuto"},"schema":{"@context":"https:\/\/schema.org","@graph":[{"@type":"WebPage","@id":"https:\/\/hotelquelitales.com\/es\/contact\/","url":"https:\/\/hotelquelitales.com\/es\/contact\/","name":"Contact - Hotel Quelitales","isPartOf":{"@id":"https:\/\/hotelquelitales.com\/es\/#website"},"primaryImageOfPage":{"@id":"https:\/\/hotelquelitales.com\/es\/contact\/#primaryimage"},"image":{"@id":"https:\/\/hotelquelitales.com\/es\/contact\/#primaryimage"},"thumbnailUrl":"https:\/\/hotelquelitales.com\/es\/wp-content\/uploads\/2018\/12\/agosto2015-33.jpg","datePublished":"2016-11-24T18:10:50+00:00","dateModified":"2024-09-14T21:39:52+00:00","breadcrumb":{"@id":"https:\/\/hotelquelitales.com\/es\/contact\/#breadcrumb"},"inLanguage":"es-CR","potentialAction":[{"@type":"ReadAction","target":["https:\/\/hotelquelitales.com\/es\/contact\/"]}]},{"@type":"ImageObject","inLanguage":"es-CR","@id":"https:\/\/hotelquelitales.com\/es\/contact\/#primaryimage","url":"https:\/\/hotelquelitales.com\/es\/wp-content\/uploads\/2018\/12\/agosto2015-33.jpg","contentUrl":"https:\/\/hotelquelitales.com\/es\/wp-content\/uploads\/2018\/12\/agosto2015-33.jpg","width":3000,"height":2000},{"@type":"BreadcrumbList","@id":"https:\/\/hotelquelitales.com\/es\/contact\/#breadcrumb","itemListElement":[{"@type":"ListItem","position":1,"name":"Home","item":"https:\/\/hotelquelitales.com\/es\/"},{"@type":"ListItem","position":2,"name":"Contact"}]},{"@type":"WebSite","@id":"https:\/\/hotelquelitales.com\/es\/#website","url":"https:\/\/hotelquelitales.com\/es\/","name":"Hotel Quelitales","description":"Best Birding Hotspot in Costa Rica","publisher":{"@id":"https:\/\/hotelquelitales.com\/es\/#organization"},"potentialAction":[{"@type":"SearchAction","target":{"@type":"EntryPoint","urlTemplate":"https:\/\/hotelquelitales.com\/es\/?s={search_term_string}"},"query-input":{"@type":"PropertyValueSpecification","valueRequired":true,"valueName":"search_term_string"}}],"inLanguage":"es-CR"},{"@type":"Organization","@id":"https:\/\/hotelquelitales.com\/es\/#organization","name":"Hotel Quelitales","url":"https:\/\/hotelquelitales.com\/es\/","logo":{"@type":"ImageObject","inLanguage":"es-CR","@id":"https:\/\/hotelquelitales.com\/es\/#\/schema\/logo\/image\/","url":"https:\/\/hotelquelitales.com\/es\/wp-content\/uploads\/2024\/09\/514279712_1146808900808947_9116595991262710248_n-1.jpg","contentUrl":"https:\/\/hotelquelitales.com\/es\/wp-content\/uploads\/2024\/09\/514279712_1146808900808947_9116595991262710248_n-1.jpg","width":1276,"height":1276,"caption":"Hotel Quelitales"},"image":{"@id":"https:\/\/hotelquelitales.com\/es\/#\/schema\/logo\/image\/"}}]}},"_links":{"self":[{"href":"https:\/\/hotelquelitales.com\/es\/wp-json\/wp\/v2\/pages\/48","targetHints":{"allow":["GET"]}}],"collection":[{"href":"https:\/\/hotelquelitales.com\/es\/wp-json\/wp\/v2\/pages"}],"about":[{"href":"https:\/\/hotelquelitales.com\/es\/wp-json\/wp\/v2\/types\/page"}],"author":[{"embeddable":true,"href":"https:\/\/hotelquelitales.com\/es\/wp-json\/wp\/v2\/users\/7"}],"replies":[{"embeddable":true,"href":"https:\/\/hotelquelitales.com\/es\/wp-json\/wp\/v2\/comments?post=48"}],"version-history":[{"count":11,"href":"https:\/\/hotelquelitales.com\/es\/wp-json\/wp\/v2\/pages\/48\/revisions"}],"predecessor-version":[{"id":13012,"href":"https:\/\/hotelquelitales.com\/es\/wp-json\/wp\/v2\/pages\/48\/revisions\/13012"}],"wp:featuredmedia":[{"embeddable":true,"href":"https:\/\/hotelquelitales.com\/es\/wp-json\/wp\/v2\/media\/810"}],"wp:attachment":[{"href":"https:\/\/hotelquelitales.com\/es\/wp-json\/wp\/v2\/media?parent=48"}],"curies":[{"name":"wp","href":"https:\/\/api.w.org\/{rel}","templated":true}]}}